{"id":1715,"date":"2024-06-25T16:25:53","date_gmt":"2024-06-25T14:25:53","guid":{"rendered":"https:\/\/edenenfrance.voyage\/?page_id=1715"},"modified":"2025-03-24T09:34:00","modified_gmt":"2025-03-24T08:34:00","slug":"voyage-en-groupe","status":"publish","type":"page","link":"https:\/\/edenenfrance.voyage\/en\/voyage-en-groupe\/","title":{"rendered":"Voyager en groupe avec Eden en France"},"content":{"rendered":"<div data-elementor-type=\"wp-page\" data-elementor-id=\"1715\" class=\"elementor elementor-1715\" data-elementor-post-type=\"page\">\n\t\t\t\t<div class=\"elementor-element elementor-element-c0b9dd5 e-flex e-con-boxed e-con e-parent\" data-id=\"c0b9dd5\" data-element_type=\"container\" data-e-type=\"container\">\n\t\t\t\t\t<div class=\"e-con-inner\">\n\t\t\t\t<div class=\"elementor-element elementor-element-e721f0b elementor-widget elementor-widget-heading\" data-id=\"e721f0b\" data-element_type=\"widget\" data-e-type=\"widget\" data-widget_type=\"heading.default\">\n\t\t\t\t<div class=\"elementor-widget-container\">\n\t\t\t\t\t<h2 class=\"elementor-heading-title elementor-size-default\">Group Travel with Eden in France<\/h2>\t\t\t\t<\/div>\n\t\t\t\t<\/div>\n\t\t\t\t<div class=\"elementor-element elementor-element-b156338 elementor-widget__width-initial elementor-widget elementor-widget-heading\" data-id=\"b156338\" data-element_type=\"widget\" data-e-type=\"widget\" data-widget_type=\"heading.default\">\n\t\t\t\t<div class=\"elementor-widget-container\">\n\t\t\t\t\t<h2 class=\"elementor-heading-title elementor-size-default\">Explore Western France as a Group, with Complete Peace of Mind<\/h2>\t\t\t\t<\/div>\n\t\t\t\t<\/div>\n\t\t\t\t<div class=\"elementor-element elementor-element-0bcc9f1 elementor-widget elementor-widget-text-editor\" data-id=\"0bcc9f1\" data-element_type=\"widget\" data-e-type=\"widget\" data-widget_type=\"text-editor.default\">\n\t\t\t\t<div class=\"elementor-widget-container\">\n\t\t\t\t\t\t\t\t\t<p data-start=\"112\" data-end=\"414\">L\u2019Ouest<strong data-start=\"112\" data-end=\"136\"> de la France<\/strong> vous ouvre ses portes pour un <strong data-start=\"167\" data-end=\"187\">voyage en groupe<\/strong> plac\u00e9 sous le signe de la <strong data-start=\"214\" data-end=\"228\">d\u00e9couverte<\/strong> et de la <strong data-start=\"238\" data-end=\"254\">convivialit\u00e9<\/strong>. Entre <strong data-start=\"262\" data-end=\"287\">villages de caract\u00e8re<\/strong>, <strong data-start=\"289\" data-end=\"310\">paysages sauvages<\/strong> et <strong data-start=\"314\" data-end=\"336\" data-is-only-node=\"\">traditions locales<\/strong>, laissez-vous guider \u00e0 travers un territoire o\u00f9 <strong data-start=\"385\" data-end=\"403\">l\u2019authenticit\u00e9<\/strong> est reine.<\/p><p data-start=\"416\" data-end=\"712\">Chez <strong data-start=\"421\" data-end=\"439\">Eden en France<\/strong>, nous concevons des <strong data-start=\"460\" data-end=\"482\">s\u00e9jours sur-mesure<\/strong>, pens\u00e9s pour vous faire vivre des <strong data-start=\"517\" data-end=\"540\">exp\u00e9riences uniques<\/strong> et <strong data-start=\"544\" data-end=\"558\">m\u00e9morables<\/strong>. Que vous soyez un <strong data-start=\"578\" data-end=\"595\">groupe d\u2019amis<\/strong>, une <strong data-start=\"601\" data-end=\"616\">association<\/strong> ou une <strong data-start=\"624\" data-end=\"638\">entreprise<\/strong>, chaque <strong data-start=\"647\" data-end=\"661\">itin\u00e9raire<\/strong> est adapt\u00e9 \u00e0 votre <strong data-start=\"681\" data-end=\"691\">rythme<\/strong> et \u00e0 vos <strong data-start=\"701\" data-end=\"711\">envies<\/strong>.<\/p><p>\u00a0<\/p><p data-start=\"714\" data-end=\"864\">Profitez d\u2019une <strong data-start=\"729\" data-end=\"757\">organisation cl\u00e9 en main<\/strong>, d\u2019un <strong data-start=\"764\" data-end=\"795\">accompagnement personnalis\u00e9<\/strong> et d\u2019un <strong data-start=\"804\" data-end=\"863\">engagement fort pour un tourisme durable et responsable<\/strong>.<\/p>\t\t\t\t\t\t\t\t<\/div>\n\t\t\t\t<\/div>\n\t\t\t\t\t<\/div>\n\t\t\t\t<\/div>\n\t\t<div class=\"elementor-element elementor-element-24b7d43 e-flex e-con-boxed e-con e-parent\" data-id=\"24b7d43\" data-element_type=\"container\" data-e-type=\"container\">\n\t\t\t\t\t<div class=\"e-con-inner\">\n\t\t<div class=\"elementor-element elementor-element-9d9a471 e-grid e-con-full e-con e-child\" data-id=\"9d9a471\" data-element_type=\"container\" data-e-type=\"container\">\n\t\t<div class=\"elementor-element elementor-element-c75aab9 e-con-full e-flex e-con e-child\" data-id=\"c75aab9\" data-element_type=\"container\" data-e-type=\"container\">\n\t\t\t\t<div class=\"elementor-element elementor-element-b3913f7 elementor-widget elementor-widget-heading\" data-id=\"b3913f7\" data-element_type=\"widget\" data-e-type=\"widget\" data-widget_type=\"heading.default\">\n\t\t\t\t<div class=\"elementor-widget-container\">\n\t\t\t\t\t<h2 class=\"elementor-heading-title elementor-size-default\">Why Choose Eden en France?<\/h2>\t\t\t\t<\/div>\n\t\t\t\t<\/div>\n\t\t\t\t<div class=\"elementor-element elementor-element-78b9eba elementor-widget elementor-widget-text-editor\" data-id=\"78b9eba\" data-element_type=\"widget\" data-e-type=\"widget\" data-widget_type=\"text-editor.default\">\n\t\t\t\t<div class=\"elementor-widget-container\">\n\t\t\t\t\t\t\t\t\t<p class=\"translation-block\"><p>\u2714\ufe0f <strong>A Pristine Natural Setting:<\/strong> Wild beaches, salt marshes, ancient forests, and peaceful canals.<\/p>  \n<p>\u2714\ufe0f <strong>Immersive Experiences:<\/strong> Share authentic moments with locals and discover a unique heritage.<\/p>  \n<p>\u2714\ufe0f <strong>Eco-Responsible Tourism:<\/strong> Short supply chains, sustainable accommodations, and eco-friendly transportation.<\/p>  \n<p>\u2714\ufe0f <strong>Tailor-Made Support:<\/strong> From planning to execution, we guide you every step of the way.<\/p>  \n<p>\u2714\ufe0f <strong>Simplified Logistics:<\/strong> Transport, accommodation, activities\u2026 we take care of everything!<\/p><\/p><p data-start=\"1648\" data-end=\"1788\">We support you every step of the way to design a tailor-made trip, perfectly balanced between exploration, relaxation, and shared moments.<\/p>\t\t\t\t\t\t\t\t<\/div>\n\t\t\t\t<\/div>\n\t\t\t\t<\/div>\n\t\t\t\t<div class=\"elementor-element elementor-element-f02ea2d elementor-widget__width-initial elementor-hidden-tablet elementor-hidden-mobile elementor-widget elementor-widget-image\" data-id=\"f02ea2d\" data-element_type=\"widget\" data-e-type=\"widget\" data-widget_type=\"image.default\">\n\t\t\t\t<div class=\"elementor-widget-container\">\n\t\t\t\t\t\t\t\t\t\t\t\t\t\t\t<img decoding=\"async\" src=\"https:\/\/edenenfrance.voyage\/wp-content\/uploads\/elementor\/thumbs\/1-qqkkaf5gz8nh9uxu5ecwvwp7k9j1am2dkt25qk75g8.png\" title=\"Plage de Perros-Guirec\" alt=\"Plage de Perros-Guirec sur la C\u00f4te de Granit Rose\" loading=\"lazy\" \/>\t\t\t\t\t\t\t\t\t\t\t\t\t\t\t<\/div>\n\t\t\t\t<\/div>\n\t\t\t\t<div class=\"elementor-element elementor-element-b330d6d elementor-hidden-tablet elementor-hidden-mobile elementor-widget elementor-widget-image\" data-id=\"b330d6d\" data-element_type=\"widget\" data-e-type=\"widget\" data-widget_type=\"image.default\">\n\t\t\t\t<div class=\"elementor-widget-container\">\n\t\t\t\t\t\t\t\t\t\t\t\t\t\t\t<img decoding=\"async\" src=\"https:\/\/edenenfrance.voyage\/wp-content\/uploads\/elementor\/thumbs\/6-qqgp8kty7e14y07dr3gfim5aagork07wc6sg7wesew.png\" title=\"6\" alt=\"6\" loading=\"lazy\" \/>\t\t\t\t\t\t\t\t\t\t\t\t\t\t\t<\/div>\n\t\t\t\t<\/div>\n\t\t<div class=\"elementor-element elementor-element-9167121 e-con-full e-flex e-con e-child\" data-id=\"9167121\" data-element_type=\"container\" data-e-type=\"container\">\n\t\t\t\t<div class=\"elementor-element elementor-element-6000480 elementor-widget elementor-widget-heading\" data-id=\"6000480\" data-element_type=\"widget\" data-e-type=\"widget\" data-widget_type=\"heading.default\">\n\t\t\t\t<div class=\"elementor-widget-container\">\n\t\t\t\t\t<h2 class=\"elementor-heading-title elementor-size-default\">Un s\u00e9jour sur mesure, con\u00e7u avec vous, pour votre groupe<\/h2>\t\t\t\t<\/div>\n\t\t\t\t<\/div>\n\t\t\t\t<div class=\"elementor-element elementor-element-a419400 elementor-widget elementor-widget-text-editor\" data-id=\"a419400\" data-element_type=\"widget\" data-e-type=\"widget\" data-widget_type=\"text-editor.default\">\n\t\t\t\t<div class=\"elementor-widget-container\">\n\t\t\t\t\t\t\t\t\t<p data-start=\"82\" data-end=\"207\">Every group is unique, which is why we create tailor-made trips that blend discovery, nature, and conviviality.<\/p><p data-start=\"209\" data-end=\"391\" class=\"translation-block\">\ud83d\udd39 Heritage &amp; History \u2192 Explore iconic castles, delve into the history of the Fontevraud Abbey, or visit the Saint-Nazaire shipyards.<\/p><p data-start=\"393\" data-end=\"553\" class=\"translation-block\">\ud83d\udd39 Local Experiences \u2192 Meet passionate producers, taste regional specialties, and explore underground mushroom farms.<\/p><p data-start=\"555\" data-end=\"738\" class=\"translation-block\">\ud83d\udd39 Team Spirit &amp; Adventure \u2192 Take part in a discovery rally in Saint-Malo, a kayak orienteering race, or enjoy a friendly evening in a unique setting.<\/p><p data-start=\"740\" data-end=\"898\" class=\"translation-block\">\ud83d\udd39 Nature &amp; Traditions \u2192 Discover the salt marshes of Gu\u00e9rande, the Crozon Peninsula, and the landscapes of Finist\u00e8re, where land meets sea.<\/p><p data-start=\"900\" data-end=\"1014\">With Eden en France, every trip is designed to be seamless, immersive, and environmentally friendly.<\/p>\t\t\t\t\t\t\t\t<\/div>\n\t\t\t\t<\/div>\n\t\t\t\t<\/div>\n\t\t<div class=\"elementor-element elementor-element-5a80562 e-con-full e-flex e-con e-child\" data-id=\"5a80562\" data-element_type=\"container\" data-e-type=\"container\">\n\t\t\t\t<div class=\"elementor-element elementor-element-66d2aa4 elementor-widget elementor-widget-heading\" data-id=\"66d2aa4\" data-element_type=\"widget\" data-e-type=\"widget\" data-widget_type=\"heading.default\">\n\t\t\t\t<div class=\"elementor-widget-container\">\n\t\t\t\t\t<h2 class=\"elementor-heading-title elementor-size-default\">A Team of Experts at Your Service<\/h2>\t\t\t\t<\/div>\n\t\t\t\t<\/div>\n\t\t\t\t<div class=\"elementor-element elementor-element-23693cc elementor-widget elementor-widget-text-editor\" data-id=\"23693cc\" data-element_type=\"widget\" data-e-type=\"widget\" data-widget_type=\"text-editor.default\">\n\t\t\t\t<div class=\"elementor-widget-container\">\n\t\t\t\t\t\t\t\t\t<p data-start=\"3249\" data-end=\"3294\">Passionate about our region, we offer you our local expertise and a network of dedicated partners.<br \/><br data-start=\"3424\" data-end=\"3427\" \/>Based on the Gu\u00e9rande Peninsula, we work hand in hand with specialized guides, local producers, and responsible hosts to offer you an authentic, seamless, and stress-free stay.<\/p><p data-start=\"3646\" data-end=\"3781\">We support you from start to finish, ensuring your group trip is a true escape filled with discovery and adventure.<\/p>\t\t\t\t\t\t\t\t<\/div>\n\t\t\t\t<\/div>\n\t\t\t\t<\/div>\n\t\t<div class=\"elementor-element elementor-element-8a932ef e-con-full e-flex e-con e-child\" data-id=\"8a932ef\" data-element_type=\"container\" data-e-type=\"container\">\n\t\t\t\t<div class=\"elementor-element elementor-element-8b832de elementor-widget elementor-widget-heading\" data-id=\"8b832de\" data-element_type=\"widget\" data-e-type=\"widget\" data-widget_type=\"heading.default\">\n\t\t\t\t<div class=\"elementor-widget-container\">\n\t\t\t\t\t<h2 class=\"elementor-heading-title elementor-size-default\">Ready to Plan Your Group Trip?<\/h2>\t\t\t\t<\/div>\n\t\t\t\t<\/div>\n\t\t\t\t<div class=\"elementor-element elementor-element-b0813d5 elementor-widget elementor-widget-text-editor\" data-id=\"b0813d5\" data-element_type=\"widget\" data-e-type=\"widget\" data-widget_type=\"text-editor.default\">\n\t\t\t\t<div class=\"elementor-widget-container\">\n\t\t\t\t\t\t\t\t\t<p data-start=\"3841\" data-end=\"4026\" class=\"translation-block\">\ud83d\udce9 Contact us today and let\u2019s discuss your project together. We would be delighted to help you create an unforgettable and eco-friendly experience for your group!<\/p>\t\t\t\t\t\t\t\t<\/div>\n\t\t\t\t<\/div>\n\t\t\t\t<div class=\"elementor-element elementor-element-30c7851 elementor-align-center elementor-widget elementor-widget-button\" data-id=\"30c7851\" data-element_type=\"widget\" data-e-type=\"widget\" data-widget_type=\"button.default\">\n\t\t\t\t<div class=\"elementor-widget-container\">\n\t\t\t\t\t\t\t\t\t<div class=\"elementor-button-wrapper\">\n\t\t\t\t\t<a class=\"elementor-button elementor-button-link elementor-size-sm\" href=\"https:\/\/edenenfrance.voyage\/en\/contact\/\">\n\t\t\t\t\t\t<span class=\"elementor-button-content-wrapper\">\n\t\t\t\t\t\t\t\t\t<span class=\"elementor-button-text\">Contact Our Team<\/span>\n\t\t\t\t\t<\/span>\n\t\t\t\t\t<\/a>\n\t\t\t\t<\/div>\n\t\t\t\t\t\t\t\t<\/div>\n\t\t\t\t<\/div>\n\t\t\t\t<\/div>\n\t\t\t\t<\/div>\n\t\t\t\t\t<\/div>\n\t\t\t\t<\/div>\n\t\t\t\t<\/div>","protected":false},"excerpt":{"rendered":"<p>Voyages en Groupe avec Eden en France Explorez l\u2019Ouest de la France en Groupe, en Toute S\u00e9r\u00e9nit\u00e9 L\u2019Ouest de la France vous ouvre ses portes pour un voyage en groupe plac\u00e9 sous le signe de la d\u00e9couverte et de la convivialit\u00e9. Entre villages de caract\u00e8re, paysages sauvages et traditions locales, laissez-vous guider \u00e0 travers un [&hellip;]<\/p>\n","protected":false},"author":2,"featured_media":0,"parent":0,"menu_order":0,"comment_status":"closed","ping_status":"closed","template":"elementor_header_footer","meta":{"_acf_changed":false,"_exactmetrics_skip_tracking":false,"_exactmetrics_sitenote_active":false,"_exactmetrics_sitenote_note":"","_exactmetrics_sitenote_category":0,"footnotes":""},"class_list":["post-1715","page","type-page","status-publish","hentry"],"acf":[],"yoast_head":"<!-- This site is optimized with the Yoast SEO plugin v27.4 - https:\/\/yoast.com\/product\/yoast-seo-wordpress\/ -->\n<title>Voyager en groupe avec Eden en France - Eden En France<\/title>\n<meta name=\"robots\" content=\"index, follow, max-snippet:-1, max-image-preview:large, max-video-preview:-1\" \/>\n<link rel=\"canonical\" href=\"https:\/\/edenenfrance.voyage\/en\/voyage-en-groupe\/\" \/>\n<meta property=\"og:locale\" content=\"en_GB\" \/>\n<meta property=\"og:type\" content=\"article\" \/>\n<meta property=\"og:title\" content=\"Voyager en groupe avec Eden en France - Eden En France\" \/>\n<meta property=\"og:description\" content=\"Voyages en Groupe avec Eden en France Explorez l\u2019Ouest de la France en Groupe, en Toute S\u00e9r\u00e9nit\u00e9 L\u2019Ouest de la France vous ouvre ses portes pour un voyage en groupe plac\u00e9 sous le signe de la d\u00e9couverte et de la convivialit\u00e9. Entre villages de caract\u00e8re, paysages sauvages et traditions locales, laissez-vous guider \u00e0 travers un [&hellip;]\" \/>\n<meta property=\"og:url\" content=\"https:\/\/edenenfrance.voyage\/en\/voyage-en-groupe\/\" \/>\n<meta property=\"og:site_name\" content=\"Eden En France\" \/>\n<meta property=\"article:modified_time\" content=\"2025-03-24T08:34:00+00:00\" \/>\n<meta property=\"og:image\" content=\"https:\/\/edenenfrance.voyage\/wp-content\/uploads\/elementor\/thumbs\/1-qqkkaf5gz8nh9uxu5ecwvwp7k9j1am2dkt25qk75g8.png\" \/>\n<meta name=\"twitter:card\" content=\"summary_large_image\" \/>\n<meta name=\"twitter:label1\" content=\"Estimated reading time\" \/>\n\t<meta name=\"twitter:data1\" content=\"3 minutes\" \/>\n<script type=\"application\/ld+json\" class=\"yoast-schema-graph\">{\"@context\":\"https:\\\/\\\/schema.org\",\"@graph\":[{\"@type\":\"WebPage\",\"@id\":\"https:\\\/\\\/edenenfrance.voyage\\\/voyage-en-groupe\\\/\",\"url\":\"https:\\\/\\\/edenenfrance.voyage\\\/voyage-en-groupe\\\/\",\"name\":\"Voyager en groupe avec Eden en France - Eden En France\",\"isPartOf\":{\"@id\":\"https:\\\/\\\/edenenfrance.voyage\\\/#website\"},\"primaryImageOfPage\":{\"@id\":\"https:\\\/\\\/edenenfrance.voyage\\\/voyage-en-groupe\\\/#primaryimage\"},\"image\":{\"@id\":\"https:\\\/\\\/edenenfrance.voyage\\\/voyage-en-groupe\\\/#primaryimage\"},\"thumbnailUrl\":\"https:\\\/\\\/edenenfrance.voyage\\\/wp-content\\\/uploads\\\/elementor\\\/thumbs\\\/1-qqkkaf5gz8nh9uxu5ecwvwp7k9j1am2dkt25qk75g8.png\",\"datePublished\":\"2024-06-25T14:25:53+00:00\",\"dateModified\":\"2025-03-24T08:34:00+00:00\",\"breadcrumb\":{\"@id\":\"https:\\\/\\\/edenenfrance.voyage\\\/voyage-en-groupe\\\/#breadcrumb\"},\"inLanguage\":\"en-GB\",\"potentialAction\":[{\"@type\":\"ReadAction\",\"target\":[\"https:\\\/\\\/edenenfrance.voyage\\\/voyage-en-groupe\\\/\"]}]},{\"@type\":\"ImageObject\",\"inLanguage\":\"en-GB\",\"@id\":\"https:\\\/\\\/edenenfrance.voyage\\\/voyage-en-groupe\\\/#primaryimage\",\"url\":\"https:\\\/\\\/edenenfrance.voyage\\\/wp-content\\\/uploads\\\/elementor\\\/thumbs\\\/1-qqkkaf5gz8nh9uxu5ecwvwp7k9j1am2dkt25qk75g8.png\",\"contentUrl\":\"https:\\\/\\\/edenenfrance.voyage\\\/wp-content\\\/uploads\\\/elementor\\\/thumbs\\\/1-qqkkaf5gz8nh9uxu5ecwvwp7k9j1am2dkt25qk75g8.png\"},{\"@type\":\"BreadcrumbList\",\"@id\":\"https:\\\/\\\/edenenfrance.voyage\\\/voyage-en-groupe\\\/#breadcrumb\",\"itemListElement\":[{\"@type\":\"ListItem\",\"position\":1,\"name\":\"Accueil\",\"item\":\"https:\\\/\\\/edenenfrance.voyage\\\/\"},{\"@type\":\"ListItem\",\"position\":2,\"name\":\"Voyager en groupe avec Eden en France\"}]},{\"@type\":\"WebSite\",\"@id\":\"https:\\\/\\\/edenenfrance.voyage\\\/#website\",\"url\":\"https:\\\/\\\/edenenfrance.voyage\\\/\",\"name\":\"Eden En France\",\"description\":\"Destination France\",\"publisher\":{\"@id\":\"https:\\\/\\\/edenenfrance.voyage\\\/#organization\"},\"potentialAction\":[{\"@type\":\"SearchAction\",\"target\":{\"@type\":\"EntryPoint\",\"urlTemplate\":\"https:\\\/\\\/edenenfrance.voyage\\\/?s={search_term_string}\"},\"query-input\":{\"@type\":\"PropertyValueSpecification\",\"valueRequired\":true,\"valueName\":\"search_term_string\"}}],\"inLanguage\":\"en-GB\"},{\"@type\":\"Organization\",\"@id\":\"https:\\\/\\\/edenenfrance.voyage\\\/#organization\",\"name\":\"Eden en France\",\"url\":\"https:\\\/\\\/edenenfrance.voyage\\\/\",\"logo\":{\"@type\":\"ImageObject\",\"inLanguage\":\"en-GB\",\"@id\":\"https:\\\/\\\/edenenfrance.voyage\\\/#\\\/schema\\\/logo\\\/image\\\/\",\"url\":\"https:\\\/\\\/edenenfrance.voyage\\\/wp-content\\\/uploads\\\/2020\\\/05\\\/eden-enfrance-pos-01.svg\",\"contentUrl\":\"https:\\\/\\\/edenenfrance.voyage\\\/wp-content\\\/uploads\\\/2020\\\/05\\\/eden-enfrance-pos-01.svg\",\"width\":233,\"height\":74,\"caption\":\"Eden en France\"},\"image\":{\"@id\":\"https:\\\/\\\/edenenfrance.voyage\\\/#\\\/schema\\\/logo\\\/image\\\/\"}}]}<\/script>\n<!-- \/ Yoast SEO plugin. -->","yoast_head_json":{"title":"Voyager en groupe avec Eden en France - Eden En France","robots":{"index":"index","follow":"follow","max-snippet":"max-snippet:-1","max-image-preview":"max-image-preview:large","max-video-preview":"max-video-preview:-1"},"canonical":"https:\/\/edenenfrance.voyage\/en\/voyage-en-groupe\/","og_locale":"en_GB","og_type":"article","og_title":"Voyager en groupe avec Eden en France - Eden En France","og_description":"Voyages en Groupe avec Eden en France Explorez l\u2019Ouest de la France en Groupe, en Toute S\u00e9r\u00e9nit\u00e9 L\u2019Ouest de la France vous ouvre ses portes pour un voyage en groupe plac\u00e9 sous le signe de la d\u00e9couverte et de la convivialit\u00e9. Entre villages de caract\u00e8re, paysages sauvages et traditions locales, laissez-vous guider \u00e0 travers un [&hellip;]","og_url":"https:\/\/edenenfrance.voyage\/en\/voyage-en-groupe\/","og_site_name":"Eden En France","article_modified_time":"2025-03-24T08:34:00+00:00","og_image":[{"url":"https:\/\/edenenfrance.voyage\/wp-content\/uploads\/elementor\/thumbs\/1-qqkkaf5gz8nh9uxu5ecwvwp7k9j1am2dkt25qk75g8.png","type":"","width":"","height":""}],"twitter_card":"summary_large_image","twitter_misc":{"Estimated reading time":"3 minutes"},"schema":{"@context":"https:\/\/schema.org","@graph":[{"@type":"WebPage","@id":"https:\/\/edenenfrance.voyage\/voyage-en-groupe\/","url":"https:\/\/edenenfrance.voyage\/voyage-en-groupe\/","name":"Voyager en groupe avec Eden en France - Eden En France","isPartOf":{"@id":"https:\/\/edenenfrance.voyage\/#website"},"primaryImageOfPage":{"@id":"https:\/\/edenenfrance.voyage\/voyage-en-groupe\/#primaryimage"},"image":{"@id":"https:\/\/edenenfrance.voyage\/voyage-en-groupe\/#primaryimage"},"thumbnailUrl":"https:\/\/edenenfrance.voyage\/wp-content\/uploads\/elementor\/thumbs\/1-qqkkaf5gz8nh9uxu5ecwvwp7k9j1am2dkt25qk75g8.png","datePublished":"2024-06-25T14:25:53+00:00","dateModified":"2025-03-24T08:34:00+00:00","breadcrumb":{"@id":"https:\/\/edenenfrance.voyage\/voyage-en-groupe\/#breadcrumb"},"inLanguage":"en-GB","potentialAction":[{"@type":"ReadAction","target":["https:\/\/edenenfrance.voyage\/voyage-en-groupe\/"]}]},{"@type":"ImageObject","inLanguage":"en-GB","@id":"https:\/\/edenenfrance.voyage\/voyage-en-groupe\/#primaryimage","url":"https:\/\/edenenfrance.voyage\/wp-content\/uploads\/elementor\/thumbs\/1-qqkkaf5gz8nh9uxu5ecwvwp7k9j1am2dkt25qk75g8.png","contentUrl":"https:\/\/edenenfrance.voyage\/wp-content\/uploads\/elementor\/thumbs\/1-qqkkaf5gz8nh9uxu5ecwvwp7k9j1am2dkt25qk75g8.png"},{"@type":"BreadcrumbList","@id":"https:\/\/edenenfrance.voyage\/voyage-en-groupe\/#breadcrumb","itemListElement":[{"@type":"ListItem","position":1,"name":"Accueil","item":"https:\/\/edenenfrance.voyage\/"},{"@type":"ListItem","position":2,"name":"Voyager en groupe avec Eden en France"}]},{"@type":"WebSite","@id":"https:\/\/edenenfrance.voyage\/#website","url":"https:\/\/edenenfrance.voyage\/","name":"Eden En France","description":"Destination France","publisher":{"@id":"https:\/\/edenenfrance.voyage\/#organization"},"potentialAction":[{"@type":"SearchAction","target":{"@type":"EntryPoint","urlTemplate":"https:\/\/edenenfrance.voyage\/?s={search_term_string}"},"query-input":{"@type":"PropertyValueSpecification","valueRequired":true,"valueName":"search_term_string"}}],"inLanguage":"en-GB"},{"@type":"Organization","@id":"https:\/\/edenenfrance.voyage\/#organization","name":"Eden en France","url":"https:\/\/edenenfrance.voyage\/","logo":{"@type":"ImageObject","inLanguage":"en-GB","@id":"https:\/\/edenenfrance.voyage\/#\/schema\/logo\/image\/","url":"https:\/\/edenenfrance.voyage\/wp-content\/uploads\/2020\/05\/eden-enfrance-pos-01.svg","contentUrl":"https:\/\/edenenfrance.voyage\/wp-content\/uploads\/2020\/05\/eden-enfrance-pos-01.svg","width":233,"height":74,"caption":"Eden en France"},"image":{"@id":"https:\/\/edenenfrance.voyage\/#\/schema\/logo\/image\/"}}]}},"_links":{"self":[{"href":"https:\/\/edenenfrance.voyage\/en\/wp-json\/wp\/v2\/pages\/1715","targetHints":{"allow":["GET"]}}],"collection":[{"href":"https:\/\/edenenfrance.voyage\/en\/wp-json\/wp\/v2\/pages"}],"about":[{"href":"https:\/\/edenenfrance.voyage\/en\/wp-json\/wp\/v2\/types\/page"}],"author":[{"embeddable":true,"href":"https:\/\/edenenfrance.voyage\/en\/wp-json\/wp\/v2\/users\/2"}],"replies":[{"embeddable":true,"href":"https:\/\/edenenfrance.voyage\/en\/wp-json\/wp\/v2\/comments?post=1715"}],"version-history":[{"count":102,"href":"https:\/\/edenenfrance.voyage\/en\/wp-json\/wp\/v2\/pages\/1715\/revisions"}],"predecessor-version":[{"id":2179,"href":"https:\/\/edenenfrance.voyage\/en\/wp-json\/wp\/v2\/pages\/1715\/revisions\/2179"}],"wp:attachment":[{"href":"https:\/\/edenenfrance.voyage\/en\/wp-json\/wp\/v2\/media?parent=1715"}],"curies":[{"name":"wp","href":"https:\/\/api.w.org\/{rel}","templated":true}]}}